{"id":967,"date":"2022-08-31T07:14:53","date_gmt":"2022-08-31T07:14:53","guid":{"rendered":"https:\/\/startersites.io\/elementor\/charity\/?page_id=967"},"modified":"2025-03-13T17:30:05","modified_gmt":"2025-03-13T16:30:05","slug":"airbus-2-2-2","status":"publish","type":"page","link":"https:\/\/imagineeventsandincentives.es\/en\/airbus-2-2-2\/","title":{"rendered":"Events"},"content":{"rendered":"<div data-elementor-type=\"wp-page\" data-elementor-id=\"967\" class=\"elementor elementor-967\" data-elementor-post-type=\"page\">\n\t\t\t\t<div class=\"elementor-element elementor-element-9f6657d e-flex e-con-boxed jltma-glass-effect-no e-con e-parent\" data-id=\"9f6657d\" data-element_type=\"container\" data-e-type=\"container\" data-settings=\"{&quot;background_background&quot;:&quot;classic&quot;}\">\n\t\t\t\t\t<div class=\"e-con-inner\">\n\t\t<div class=\"elementor-element elementor-element-b9e6092 e-flex e-con-boxed jltma-glass-effect-no e-con e-child\" data-id=\"b9e6092\" data-element_type=\"container\" data-e-type=\"container\">\n\t\t\t\t\t<div class=\"e-con-inner\">\n\t\t\t\t<div class=\"elementor-element elementor-element-252e529 jltma-glass-effect-no elementor-widget elementor-widget-text-editor\" data-id=\"252e529\" data-element_type=\"widget\" data-e-type=\"widget\" data-widget_type=\"text-editor.default\">\n\t\t\t\t<div class=\"elementor-widget-container\">\n\t\t\t\t\t\t\t\t\t<p>Our Services<\/p>\t\t\t\t\t\t\t\t<\/div>\n\t\t\t\t<\/div>\n\t\t\t\t<div class=\"elementor-element elementor-element-943e9d3 jltma-glass-effect-no elementor-widget elementor-widget-heading\" data-id=\"943e9d3\" data-element_type=\"widget\" data-e-type=\"widget\" data-widget_type=\"heading.default\">\n\t\t\t\t<div class=\"elementor-widget-container\">\n\t\t\t\t\t<h2 class=\"elementor-heading-title elementor-size-default\">What we do<\/h2>\t\t\t\t<\/div>\n\t\t\t\t<\/div>\n\t\t\t\t\t<\/div>\n\t\t\t\t<\/div>\n\t\t<div class=\"elementor-element elementor-element-e36d1f8 e-con-full e-flex jltma-glass-effect-no e-con e-child\" data-id=\"e36d1f8\" data-element_type=\"container\" data-e-type=\"container\">\n\t\t<div class=\"elementor-element elementor-element-bd8d139 e-con-full e-flex jltma-glass-effect-no elementor-invisible e-con e-child\" data-id=\"bd8d139\" data-element_type=\"container\" data-e-type=\"container\" data-settings=\"{&quot;animation&quot;:&quot;fadeInUp&quot;}\">\n\t\t\t\t<div class=\"elementor-element elementor-element-c1642b3 elementor-view-framed elementor-shape-circle jltma-glass-effect-no elementor-widget elementor-widget-icon\" data-id=\"c1642b3\" data-element_type=\"widget\" data-e-type=\"widget\" data-widget_type=\"icon.default\">\n\t\t\t\t<div class=\"elementor-widget-container\">\n\t\t\t\t\t\t\t<div class=\"elementor-icon-wrapper\">\n\t\t\t<div class=\"elementor-icon\">\n\t\t\t<svg aria-hidden=\"true\" class=\"e-font-icon-svg e-fab-fly\" viewbox=\"0 0 384 512\" xmlns=\"http:\/\/www.w3.org\/2000\/svg\"><path d=\"M197.8 427.8c12.9 11.7 33.7 33.3 33.2 50.7 0 .8-.1 1.6-.1 2.5-1.8 19.8-18.8 31.1-39.1 31-25-.1-39.9-16.8-38.7-35.8 1-16.2 20.5-36.7 32.4-47.6 2.3-2.1 2.7-2.7 5.6-3.6 3.4 0 3.9.3 6.7 2.8zM331.9 67.3c-16.3-25.7-38.6-40.6-63.3-52.1C243.1 4.5 214-.2 192 0c-44.1 0-71.2 13.2-81.1 17.3C57.3 45.2 26.5 87.2 28 158.6c7.1 82.2 97 176 155.8 233.8 1.7 1.6 4.5 4.5 6.2 5.1l3.3.1c2.1-.7 1.8-.5 3.5-2.1 52.3-49.2 140.7-145.8 155.9-215.7 7-39.2 3.1-72.5-20.8-112.5zM186.8 351.9c-28-51.1-65.2-130.7-69.3-189-3.4-47.5 11.4-131.2 69.3-136.7v325.7zM328.7 180c-16.4 56.8-77.3 128-118.9 170.3C237.6 298.4 275 217 277 158.4c1.6-45.9-9.8-105.8-48-131.4 88.8 18.3 115.5 98.1 99.7 153z\"><\/path><\/svg>\t\t\t<\/div>\n\t\t<\/div>\n\t\t\t\t\t\t<\/div>\n\t\t\t\t<\/div>\n\t\t\t\t<div class=\"elementor-element elementor-element-160c1ad elementor-cta--valign-middle elementor-cta--layout-image-left elementor-cta--skin-classic elementor-animated-content elementor-bg-transform elementor-bg-transform-zoom-in jltma-glass-effect-no elementor-widget elementor-widget-call-to-action\" data-id=\"160c1ad\" data-element_type=\"widget\" data-e-type=\"widget\" data-widget_type=\"call-to-action.default\">\n\t\t\t\t<div class=\"elementor-widget-container\">\n\t\t\t\t\t\t\t<div class=\"elementor-cta\">\n\t\t\t\t\t\t\t<div class=\"elementor-cta__content\">\n\t\t\t\t\n\t\t\t\t\t\t\t\t\t<h3 class=\"elementor-cta__title elementor-cta__content-item elementor-content-item\">\n\t\t\t\t\t\tIncentive Travel\t\t\t\t\t<\/h3>\n\t\t\t\t\n\t\t\t\t\t\t\t\t\t<div class=\"elementor-cta__description elementor-cta__content-item elementor-content-item\">\n\t\t\t\t\t\tWith Imagine Events your incentive trip will be exclusive, creative, playful and attractive. Don't look for our brochure, there is nothing industrial, no two experiences are the same.\t\t\t\t\t<\/div>\n\t\t\t\t\n\t\t\t\t\t\t\t<\/div>\n\t\t\t\t\t\t<\/div>\n\t\t\t\t\t\t<\/div>\n\t\t\t\t<\/div>\n\t\t\t\t<\/div>\n\t\t<div class=\"elementor-element elementor-element-1cc35b9 e-con-full e-flex jltma-glass-effect-no elementor-invisible e-con e-child\" data-id=\"1cc35b9\" data-element_type=\"container\" data-e-type=\"container\" data-settings=\"{&quot;animation&quot;:&quot;fadeInUp&quot;,&quot;animation_delay&quot;:100}\">\n\t\t\t\t<div class=\"elementor-element elementor-element-18ad7a2 elementor-view-framed elementor-shape-circle jltma-glass-effect-no elementor-widget elementor-widget-icon\" data-id=\"18ad7a2\" data-element_type=\"widget\" data-e-type=\"widget\" data-widget_type=\"icon.default\">\n\t\t\t\t<div class=\"elementor-widget-container\">\n\t\t\t\t\t\t\t<div class=\"elementor-icon-wrapper\">\n\t\t\t<div class=\"elementor-icon\">\n\t\t\t<svg aria-hidden=\"true\" class=\"e-font-icon-svg e-far-comments\" viewbox=\"0 0 576 512\" xmlns=\"http:\/\/www.w3.org\/2000\/svg\"><path d=\"M532 386.2c27.5-27.1 44-61.1 44-98.2 0-80-76.5-146.1-176.2-157.9C368.3 72.5 294.3 32 208 32 93.1 32 0 103.6 0 192c0 37 16.5 71 44 98.2-15.3 30.7-37.3 54.5-37.7 54.9-6.3 6.7-8.1 16.5-4.4 25 3.6 8.5 12 14 21.2 14 53.5 0 96.7-20.2 125.2-38.8 9.2 2.1 18.7 3.7 28.4 4.9C208.1 407.6 281.8 448 368 448c20.8 0 40.8-2.4 59.8-6.8C456.3 459.7 499.4 480 553 480c9.2 0 17.5-5.5 21.2-14 3.6-8.5 1.9-18.3-4.4-25-.4-.3-22.5-24.1-37.8-54.8zm-392.8-92.3L122.1 305c-14.1 9.1-28.5 16.3-43.1 21.4 2.7-4.7 5.4-9.7 8-14.8l15.5-31.1L77.7 256C64.2 242.6 48 220.7 48 192c0-60.7 73.3-112 160-112s160 51.3 160 112-73.3 112-160 112c-16.5 0-33-1.9-49-5.6l-19.8-4.5zM498.3 352l-24.7 24.4 15.5 31.1c2.6 5.1 5.3 10.1 8 14.8-14.6-5.1-29-12.3-43.1-21.4l-17.1-11.1-19.9 4.6c-16 3.7-32.5 5.6-49 5.6-54 0-102.2-20.1-131.3-49.7C338 339.5 416 272.9 416 192c0-3.4-.4-6.7-.7-10C479.7 196.5 528 238.8 528 288c0 28.7-16.2 50.6-29.7 64z\"><\/path><\/svg>\t\t\t<\/div>\n\t\t<\/div>\n\t\t\t\t\t\t<\/div>\n\t\t\t\t<\/div>\n\t\t\t\t<div class=\"elementor-element elementor-element-d71253a elementor-cta--valign-middle elementor-cta--layout-image-left elementor-cta--skin-classic elementor-animated-content elementor-bg-transform elementor-bg-transform-zoom-in jltma-glass-effect-no elementor-widget elementor-widget-call-to-action\" data-id=\"d71253a\" data-element_type=\"widget\" data-e-type=\"widget\" data-widget_type=\"call-to-action.default\">\n\t\t\t\t<div class=\"elementor-widget-container\">\n\t\t\t\t\t\t\t<div class=\"elementor-cta\">\n\t\t\t\t\t\t\t<div class=\"elementor-cta__content\">\n\t\t\t\t\n\t\t\t\t\t\t\t\t\t<h3 class=\"elementor-cta__title elementor-cta__content-item elementor-content-item\">\n\t\t\t\t\t\tTailor-made conventions\t\t\t\t\t<\/h3>\n\t\t\t\t\n\t\t\t\t\t\t\t\t\t<div class=\"elementor-cta__description elementor-cta__content-item elementor-content-item\">\n\t\t\t\t\t\tWe locate the perfect location whether for a large conference, an intimate meeting, a cocktail party or to conduct your business in a personalized and appropriate environment.\t\t\t\t\t<\/div>\n\t\t\t\t\n\t\t\t\t\t\t\t<\/div>\n\t\t\t\t\t\t<\/div>\n\t\t\t\t\t\t<\/div>\n\t\t\t\t<\/div>\n\t\t\t\t<\/div>\n\t\t<div class=\"elementor-element elementor-element-db55902 e-con-full e-flex jltma-glass-effect-no elementor-invisible e-con e-child\" data-id=\"db55902\" data-element_type=\"container\" data-e-type=\"container\" data-settings=\"{&quot;animation&quot;:&quot;fadeInUp&quot;,&quot;animation_delay&quot;:200}\">\n\t\t\t\t<div class=\"elementor-element elementor-element-b2643f7 elementor-view-framed elementor-shape-circle jltma-glass-effect-no elementor-widget elementor-widget-icon\" data-id=\"b2643f7\" data-element_type=\"widget\" data-e-type=\"widget\" data-widget_type=\"icon.default\">\n\t\t\t\t<div class=\"elementor-widget-container\">\n\t\t\t\t\t\t\t<div class=\"elementor-icon-wrapper\">\n\t\t\t<div class=\"elementor-icon\">\n\t\t\t<svg aria-hidden=\"true\" class=\"e-font-icon-svg e-far-hand-peace\" viewbox=\"0 0 448 512\" xmlns=\"http:\/\/www.w3.org\/2000\/svg\"><path d=\"M362.146 191.976c-13.71-21.649-38.761-34.016-65.006-30.341V74c0-40.804-32.811-74-73.141-74-40.33 0-73.14 33.196-73.14 74L160 168l-18.679-78.85C126.578 50.843 83.85 32.11 46.209 47.208 8.735 62.238-9.571 104.963 5.008 142.85l55.757 144.927c-30.557 24.956-43.994 57.809-24.733 92.218l54.853 97.999C102.625 498.97 124.73 512 148.575 512h205.702c30.744 0 57.558-21.44 64.555-51.797l27.427-118.999a67.801 67.801 0 0 0 1.729-15.203L448 256c0-44.956-43.263-77.343-85.854-64.024zM399.987 326c0 1.488-.169 2.977-.502 4.423l-27.427 119.001c-1.978 8.582-9.29 14.576-17.782 14.576H148.575c-6.486 0-12.542-3.621-15.805-9.449l-54.854-98c-4.557-8.141-2.619-18.668 4.508-24.488l26.647-21.764a16 16 0 0 0 4.812-18.139l-64.09-166.549C37.226 92.956 84.37 74.837 96.51 106.389l59.784 155.357A16 16 0 0 0 171.227 272h11.632c8.837 0 16-7.163 16-16V74c0-34.375 50.281-34.43 50.281 0v182c0 8.837 7.163 16 16 16h6.856c8.837 0 16-7.163 16-16v-28c0-25.122 36.567-25.159 36.567 0v28c0 8.837 7.163 16 16 16h6.856c8.837 0 16-7.163 16-16 0-25.12 36.567-25.16 36.567 0v70z\"><\/path><\/svg>\t\t\t<\/div>\n\t\t<\/div>\n\t\t\t\t\t\t<\/div>\n\t\t\t\t<\/div>\n\t\t\t\t<div class=\"elementor-element elementor-element-052b80d elementor-cta--valign-middle elementor-cta--layout-image-left elementor-cta--skin-classic elementor-animated-content elementor-bg-transform elementor-bg-transform-zoom-in jltma-glass-effect-no elementor-widget elementor-widget-call-to-action\" data-id=\"052b80d\" data-element_type=\"widget\" data-e-type=\"widget\" data-widget_type=\"call-to-action.default\">\n\t\t\t\t<div class=\"elementor-widget-container\">\n\t\t\t\t\t\t\t<div class=\"elementor-cta\">\n\t\t\t\t\t\t\t<div class=\"elementor-cta__content\">\n\t\t\t\t\n\t\t\t\t\t\t\t\t\t<h3 class=\"elementor-cta__title elementor-cta__content-item elementor-content-item\">\n\t\t\t\t\t\tSingular Events\t\t\t\t\t<\/h3>\n\t\t\t\t\n\t\t\t\t\t\t\t\t\t<div class=\"elementor-cta__description elementor-cta__content-item elementor-content-item\">\n\t\t\t\t\t\tThe perfection in every detail reveals that sophisticated touch you are looking for for your event, we take care of the details, the small gestures make the difference.\t\t\t\t\t<\/div>\n\t\t\t\t\n\t\t\t\t\t\t\t<\/div>\n\t\t\t\t\t\t<\/div>\n\t\t\t\t\t\t<\/div>\n\t\t\t\t<\/div>\n\t\t\t\t<\/div>\n\t\t<div class=\"elementor-element elementor-element-0d1ab57 e-con-full e-flex jltma-glass-effect-no elementor-invisible e-con e-child\" data-id=\"0d1ab57\" data-element_type=\"container\" data-e-type=\"container\" data-settings=\"{&quot;animation&quot;:&quot;fadeInUp&quot;,&quot;animation_delay&quot;:300}\">\n\t\t\t\t<div class=\"elementor-element elementor-element-4b0e008 elementor-view-framed elementor-shape-circle jltma-glass-effect-no elementor-widget elementor-widget-icon\" data-id=\"4b0e008\" data-element_type=\"widget\" data-e-type=\"widget\" data-widget_type=\"icon.default\">\n\t\t\t\t<div class=\"elementor-widget-container\">\n\t\t\t\t\t\t\t<div class=\"elementor-icon-wrapper\">\n\t\t\t<div class=\"elementor-icon\">\n\t\t\t<svg aria-hidden=\"true\" class=\"e-font-icon-svg e-fas-star\" viewbox=\"0 0 576 512\" xmlns=\"http:\/\/www.w3.org\/2000\/svg\"><path d=\"M259.3 17.8L194 150.2 47.9 171.5c-26.2 3.8-36.7 36.1-17.7 54.6l105.7 103-25 145.5c-4.5 26.3 23.2 46 46.4 33.7L288 439.6l130.7 68.7c23.2 12.2 50.9-7.4 46.4-33.7l-25-145.5 105.7-103c19-18.5 8.5-50.8-17.7-54.6L382 150.2 316.7 17.8c-11.7-23.6-45.6-23.9-57.4 0z\"><\/path><\/svg>\t\t\t<\/div>\n\t\t<\/div>\n\t\t\t\t\t\t<\/div>\n\t\t\t\t<\/div>\n\t\t\t\t<div class=\"elementor-element elementor-element-53744c2 elementor-cta--valign-middle elementor-cta--layout-image-left elementor-cta--skin-classic elementor-animated-content elementor-bg-transform elementor-bg-transform-zoom-in jltma-glass-effect-no elementor-widget elementor-widget-call-to-action\" data-id=\"53744c2\" data-element_type=\"widget\" data-e-type=\"widget\" data-widget_type=\"call-to-action.default\">\n\t\t\t\t<div class=\"elementor-widget-container\">\n\t\t\t\t\t\t\t<div class=\"elementor-cta\">\n\t\t\t\t\t\t\t<div class=\"elementor-cta__content\">\n\t\t\t\t\n\t\t\t\t\t\t\t\t\t<h3 class=\"elementor-cta__title elementor-cta__content-item elementor-content-item\">\n\t\t\t\t\t\tCoaching and Teambuilding\t\t\t\t\t<\/h3>\n\t\t\t\t\n\t\t\t\t\t\t\t\t\t<div class=\"elementor-cta__description elementor-cta__content-item elementor-content-item\">\n\t\t\t\t\t\tActivities that enhance team cohesion and performance.\t\t\t\t\t<\/div>\n\t\t\t\t\n\t\t\t\t\t\t\t<\/div>\n\t\t\t\t\t\t<\/div>\n\t\t\t\t\t\t<\/div>\n\t\t\t\t<\/div>\n\t\t\t\t<\/div>\n\t\t\t\t<\/div>\n\t\t\t\t\t<\/div>\n\t\t\t\t<\/div>\n\t\t<div class=\"elementor-element elementor-element-9626bd1 e-flex e-con-boxed jltma-glass-effect-no e-con e-parent\" data-id=\"9626bd1\" data-element_type=\"container\" data-e-type=\"container\">\n\t\t\t\t\t<div class=\"e-con-inner\">\n\t\t\t\t<div class=\"elementor-element elementor-element-cd29f04 elementor-widget__width-initial jltma-glass-effect-no elementor-widget elementor-widget-heading\" data-id=\"cd29f04\" data-element_type=\"widget\" data-e-type=\"widget\" data-widget_type=\"heading.default\">\n\t\t\t\t<div class=\"elementor-widget-container\">\n\t\t\t\t\t<h2 class=\"elementor-heading-title elementor-size-default\">Sustainability and Responsibility in Every Project<\/h2>\t\t\t\t<\/div>\n\t\t\t\t<\/div>\n\t\t\t\t<div class=\"elementor-element elementor-element-ce6341f jltma-glass-effect-no elementor-widget elementor-widget-text-editor\" data-id=\"ce6341f\" data-element_type=\"widget\" data-e-type=\"widget\" data-widget_type=\"text-editor.default\">\n\t\t\t\t<div class=\"elementor-widget-container\">\n\t\t\t\t\t\t\t\t\t<p>When organizing an incentive trip or event, it is essential to apply the following SDGs:<\/p>\t\t\t\t\t\t\t\t<\/div>\n\t\t\t\t<\/div>\n\t\t\t\t\t<\/div>\n\t\t\t\t<\/div>\n\t\t<div class=\"elementor-element elementor-element-67cfe13 e-flex e-con-boxed jltma-glass-effect-no e-con e-parent\" data-id=\"67cfe13\" data-element_type=\"container\" data-e-type=\"container\">\n\t\t\t\t\t<div class=\"e-con-inner\">\n\t\t<div class=\"elementor-element elementor-element-9ade24b e-con-full e-flex jltma-glass-effect-no e-con e-child\" data-id=\"9ade24b\" data-element_type=\"container\" data-e-type=\"container\">\n\t\t\t\t<div class=\"elementor-element elementor-element-26d509b jltma-glass-effect-no elementor-widget elementor-widget-ma-image-hover-effects jltma-addon ma-image-hover-effects\" data-id=\"26d509b\" data-element_type=\"widget\" data-e-type=\"widget\" data-widget_type=\"ma-image-hover-effects.default\">\n\t\t\t\t<div class=\"elementor-widget-container\">\n\t\t\t\t\t\n\t\t<div class=\"jltma-image-hover-effect jltma-image-hover-effect-one jltma-image-hover-effect-lily\" id=\"jltma-image-hover-effect-26d509b\">\n\n\t\t\t<figure class=\"jltma-effect-lily\">\n\n\t\t\t\t<img decoding=\"async\" src=\"https:\/\/imagineeventsandincentives.es\/wp-content\/uploads\/2024\/12\/8-trabajo-decente-y-crecimiento-economico-3.jpg\"  class=\"circled\" alt=\"8-trabajo-decente-y-crecimiento-economico-3\" \/>\n\t\t\t\t<figcaption>\n\t\t\t\t\t<div class=\"jltma-image-hover-content\">\n\t\t\t\t\t\t<p\t\t\t\t\t\t\tclass=\"jltma-image-hover-title\">\n\n\t\t\t\t\t\t\t\n\t\t\t\t\t\t\t\n\t\t\t\t\t\t<\/p>\n\n\t\t\t\t\t\t\n\t\t\t\t\t\t\t\t\t\t\t\t\t\t\t\t\t\t\t<p class=\"jltma-image-hover-desc\">\n\t\t\t\t\t\t\t\tSDG 8 - Decent work and economic growth: Foster local employment and promote economic sustainability.\t\t\t\t\t\t\t<\/p>\n\t\t\t\t\t\t\n\t\t\t\t\t<\/div>\n\n\t\t\t\t\t\n\t\t\t\t\t\n\t\t\t\t<\/figcaption>\n\n\t\t\t<\/figure>\n\n\t\t<\/div>\n\t\t\t\t\t\t<\/div>\n\t\t\t\t<\/div>\n\t\t\t\t<\/div>\n\t\t<div class=\"elementor-element elementor-element-9f54224 e-con-full e-flex jltma-glass-effect-no e-con e-child\" data-id=\"9f54224\" data-element_type=\"container\" data-e-type=\"container\">\n\t\t\t\t<div class=\"elementor-element elementor-element-33c9151 jltma-glass-effect-no elementor-widget elementor-widget-ma-image-hover-effects jltma-addon ma-image-hover-effects\" data-id=\"33c9151\" data-element_type=\"widget\" data-e-type=\"widget\" data-widget_type=\"ma-image-hover-effects.default\">\n\t\t\t\t<div class=\"elementor-widget-container\">\n\t\t\t\t\t\n\t\t<div class=\"jltma-image-hover-effect jltma-image-hover-effect-one jltma-image-hover-effect-lily\" id=\"jltma-image-hover-effect-33c9151\">\n\n\t\t\t<figure class=\"jltma-effect-lily\">\n\n\t\t\t\t<img decoding=\"async\" src=\"https:\/\/imagineeventsandincentives.es\/wp-content\/uploads\/2024\/12\/12-produccion-y-consumo-responsables-3.jpg\"  class=\"circled\" alt=\"12-produccion-y-consumo-responsables-3\" \/>\n\t\t\t\t<figcaption>\n\t\t\t\t\t<div class=\"jltma-image-hover-content\">\n\t\t\t\t\t\t<p\t\t\t\t\t\t\tclass=\"jltma-image-hover-title\">\n\n\t\t\t\t\t\t\t\n\t\t\t\t\t\t\t\n\t\t\t\t\t\t<\/p>\n\n\t\t\t\t\t\t\n\t\t\t\t\t\t\t\t\t\t\t\t\t\t\t\t\t\t\t<p class=\"jltma-image-hover-desc\">\n\t\t\t\t\t\t\t\tSDG 12 - Responsible production and consumption: Prioritize sustainable and responsible practices in the organization of the event.\t\t\t\t\t\t\t<\/p>\n\t\t\t\t\t\t\n\t\t\t\t\t<\/div>\n\n\t\t\t\t\t\n\t\t\t\t\t\n\t\t\t\t<\/figcaption>\n\n\t\t\t<\/figure>\n\n\t\t<\/div>\n\t\t\t\t\t\t<\/div>\n\t\t\t\t<\/div>\n\t\t\t\t<\/div>\n\t\t<div class=\"elementor-element elementor-element-de8af4e e-con-full e-flex jltma-glass-effect-no e-con e-child\" data-id=\"de8af4e\" data-element_type=\"container\" data-e-type=\"container\">\n\t\t\t\t<div class=\"elementor-element elementor-element-31f327b jltma-glass-effect-no elementor-widget elementor-widget-ma-image-hover-effects jltma-addon ma-image-hover-effects\" data-id=\"31f327b\" data-element_type=\"widget\" data-e-type=\"widget\" data-widget_type=\"ma-image-hover-effects.default\">\n\t\t\t\t<div class=\"elementor-widget-container\">\n\t\t\t\t\t\n\t\t<div class=\"jltma-image-hover-effect jltma-image-hover-effect-one jltma-image-hover-effect-lily\" id=\"jltma-image-hover-effect-31f327b\">\n\n\t\t\t<figure class=\"jltma-effect-lily\">\n\n\t\t\t\t<img decoding=\"async\" src=\"https:\/\/imagineeventsandincentives.es\/wp-content\/uploads\/2024\/12\/13-accion-por-el-clima-3.jpg\"  class=\"circled\" alt=\"13-accion-por-el-clima-3\" \/>\n\t\t\t\t<figcaption>\n\t\t\t\t\t<div class=\"jltma-image-hover-content\">\n\t\t\t\t\t\t<p\t\t\t\t\t\t\tclass=\"jltma-image-hover-title\">\n\n\t\t\t\t\t\t\t\n\t\t\t\t\t\t\t\n\t\t\t\t\t\t<\/p>\n\n\t\t\t\t\t\t\n\t\t\t\t\t\t\t\t\t\t\t\t\t\t\t\t\t\t\t<p class=\"jltma-image-hover-desc\">\n\t\t\t\t\t\t\t\tSDG 13 - Climate Action: Minimize carbon footprint through green transportation and accommodation options.\t\t\t\t\t\t\t<\/p>\n\t\t\t\t\t\t\n\t\t\t\t\t<\/div>\n\n\t\t\t\t\t\n\t\t\t\t\t\n\t\t\t\t<\/figcaption>\n\n\t\t\t<\/figure>\n\n\t\t<\/div>\n\t\t\t\t\t\t<\/div>\n\t\t\t\t<\/div>\n\t\t\t\t<\/div>\n\t\t<div class=\"elementor-element elementor-element-cbfb5e4 e-con-full e-flex jltma-glass-effect-no e-con e-child\" data-id=\"cbfb5e4\" data-element_type=\"container\" data-e-type=\"container\">\n\t\t\t\t<div class=\"elementor-element elementor-element-937914d jltma-glass-effect-no elementor-widget elementor-widget-ma-image-hover-effects jltma-addon ma-image-hover-effects\" data-id=\"937914d\" data-element_type=\"widget\" data-e-type=\"widget\" data-widget_type=\"ma-image-hover-effects.default\">\n\t\t\t\t<div class=\"elementor-widget-container\">\n\t\t\t\t\t\n\t\t<div class=\"jltma-image-hover-effect jltma-image-hover-effect-one jltma-image-hover-effect-lily\" id=\"jltma-image-hover-effect-937914d\">\n\n\t\t\t<figure class=\"jltma-effect-lily\">\n\n\t\t\t\t<img decoding=\"async\" src=\"https:\/\/imagineeventsandincentives.es\/wp-content\/uploads\/2024\/12\/5-igualdad-de-genero-3.jpg\"  class=\"circled\" alt=\"5-igualdad-de-genero-3\" \/>\n\t\t\t\t<figcaption>\n\t\t\t\t\t<div class=\"jltma-image-hover-content\">\n\t\t\t\t\t\t<p\t\t\t\t\t\t\tclass=\"jltma-image-hover-title\">\n\n\t\t\t\t\t\t\t\n\t\t\t\t\t\t\t\n\t\t\t\t\t\t<\/p>\n\n\t\t\t\t\t\t\n\t\t\t\t\t\t\t\t\t\t\t\t\t\t\t\t\t\t\t<p class=\"jltma-image-hover-desc\">\n\t\t\t\t\t\t\t\tSDG 5 - Gender Equality: Promote gender inclusion and equity in all aspects of the event.\t\t\t\t\t\t\t<\/p>\n\t\t\t\t\t\t\n\t\t\t\t\t<\/div>\n\n\t\t\t\t\t\n\t\t\t\t\t\n\t\t\t\t<\/figcaption>\n\n\t\t\t<\/figure>\n\n\t\t<\/div>\n\t\t\t\t\t\t<\/div>\n\t\t\t\t<\/div>\n\t\t\t\t<\/div>\n\t\t\t\t\t<\/div>\n\t\t\t\t<\/div>\n\t\t<div class=\"elementor-element elementor-element-0b185af e-flex e-con-boxed jltma-glass-effect-no elementor-invisible e-con e-parent\" data-id=\"0b185af\" data-element_type=\"container\" data-e-type=\"container\" data-settings=\"{&quot;background_background&quot;:&quot;classic&quot;,&quot;animation&quot;:&quot;zoomIn&quot;}\">\n\t\t\t\t\t<div class=\"e-con-inner\">\n\t\t<div class=\"elementor-element elementor-element-baa8a5b e-con-full e-flex jltma-glass-effect-no elementor-invisible e-con e-child\" data-id=\"baa8a5b\" data-element_type=\"container\" data-e-type=\"container\" data-settings=\"{&quot;animation&quot;:&quot;fadeIn&quot;}\">\n\t\t\t\t<div class=\"elementor-element elementor-element-8053b15 jltma-glass-effect-no elementor-widget elementor-widget-heading\" data-id=\"8053b15\" data-element_type=\"widget\" data-e-type=\"widget\" data-widget_type=\"heading.default\">\n\t\t\t\t<div class=\"elementor-widget-container\">\n\t\t\t\t\t<p class=\"elementor-heading-title elementor-size-default\">We make it possible to dream ... Big<\/p>\t\t\t\t<\/div>\n\t\t\t\t<\/div>\n\t\t\t\t<div class=\"elementor-element elementor-element-3e67eda elementor-widget__width-initial jltma-glass-effect-no elementor-widget elementor-widget-text-editor\" data-id=\"3e67eda\" data-element_type=\"widget\" data-e-type=\"widget\" data-widget_type=\"text-editor.default\">\n\t\t\t\t<div class=\"elementor-widget-container\">\n\t\t\t\t\t\t\t\t\t<p>\u00a0At IMAGINE EVENTS we are eager to discover your needs and advise you on possible solutions. For a free consultation just send us an email or give us a call and we will get in touch with you.<\/p>\t\t\t\t\t\t\t\t<\/div>\n\t\t\t\t<\/div>\n\t\t\t\t<div class=\"elementor-element elementor-element-906b525 elementor-mobile-align-center jltma-glass-effect-no elementor-widget elementor-widget-button\" data-id=\"906b525\" data-element_type=\"widget\" data-e-type=\"widget\" data-widget_type=\"button.default\">\n\t\t\t\t<div class=\"elementor-widget-container\">\n\t\t\t\t\t\t\t\t\t<div class=\"elementor-button-wrapper\">\n\t\t\t\t\t<a class=\"elementor-button elementor-button-link elementor-size-md\" href=\"https:\/\/imagineeventsandincentives.es\/contacto\/\">\n\t\t\t\t\t\t<span class=\"elementor-button-content-wrapper\">\n\t\t\t\t\t\t\t\t\t<span class=\"elementor-button-text\">Contact<\/span>\n\t\t\t\t\t<\/span>\n\t\t\t\t\t<\/a>\n\t\t\t\t<\/div>\n\t\t\t\t\t\t\t\t<\/div>\n\t\t\t\t<\/div>\n\t\t\t\t<\/div>\n\t\t\t\t\t<\/div>\n\t\t\t\t<\/div>\n\t\t\t\t<\/div>","protected":false},"excerpt":{"rendered":"<p>Nuestros Servicios\u200b Qu\u00e9 hacemos Viajes de Incentivo Con Imagine Events su viaje de incentivo ser\u00e1 exclusivo, creativo, l\u00fadico y atractivo. No busques nuestro folleto, no hay nada industrial no existen dos experiencias iguales. Convenciones a medida Localizamos la ubicaci\u00f3n perfecta ya sea para una gran conferencia, una reuni\u00f3n \u00edntima, un c\u00f3ctel \u00f3 para llevar a [&hellip;]<\/p>\n","protected":false},"author":1,"featured_media":1330,"parent":0,"menu_order":0,"comment_status":"closed","ping_status":"closed","template":"","meta":{"footnotes":""},"class_list":["post-967","page","type-page","status-publish","has-post-thumbnail","hentry"],"blocksy_meta":{"styles_descriptor":{"styles":{"desktop":"","tablet":"","mobile":""},"google_fonts":[],"version":6}},"_links":{"self":[{"href":"https:\/\/imagineeventsandincentives.es\/en\/wp-json\/wp\/v2\/pages\/967","targetHints":{"allow":["GET"]}}],"collection":[{"href":"https:\/\/imagineeventsandincentives.es\/en\/wp-json\/wp\/v2\/pages"}],"about":[{"href":"https:\/\/imagineeventsandincentives.es\/en\/wp-json\/wp\/v2\/types\/page"}],"author":[{"embeddable":true,"href":"https:\/\/imagineeventsandincentives.es\/en\/wp-json\/wp\/v2\/users\/1"}],"replies":[{"embeddable":true,"href":"https:\/\/imagineeventsandincentives.es\/en\/wp-json\/wp\/v2\/comments?post=967"}],"version-history":[{"count":50,"href":"https:\/\/imagineeventsandincentives.es\/en\/wp-json\/wp\/v2\/pages\/967\/revisions"}],"predecessor-version":[{"id":2135,"href":"https:\/\/imagineeventsandincentives.es\/en\/wp-json\/wp\/v2\/pages\/967\/revisions\/2135"}],"wp:featuredmedia":[{"embeddable":true,"href":"https:\/\/imagineeventsandincentives.es\/en\/wp-json\/wp\/v2\/media\/1330"}],"wp:attachment":[{"href":"https:\/\/imagineeventsandincentives.es\/en\/wp-json\/wp\/v2\/media?parent=967"}],"curies":[{"name":"wp","href":"https:\/\/api.w.org\/{rel}","templated":true}]}}