{"id":1386,"date":"2024-12-17T15:12:42","date_gmt":"2024-12-17T14:12:42","guid":{"rendered":"https:\/\/imagineeventsandincentives.es\/?page_id=1386"},"modified":"2024-12-17T15:13:07","modified_gmt":"2024-12-17T14:13:07","slug":"politica-de-cookies","status":"publish","type":"page","link":"https:\/\/imagineeventsandincentives.es\/en\/politica-de-cookies\/","title":{"rendered":"Cookie policy"},"content":{"rendered":"<div data-elementor-type=\"wp-page\" data-elementor-id=\"1386\" class=\"elementor elementor-1386\" data-elementor-post-type=\"page\">\n\t\t\t\t<div class=\"elementor-element elementor-element-5b082580 e-flex e-con-boxed jltma-glass-effect-no e-con e-parent\" data-id=\"5b082580\" data-element_type=\"container\" data-e-type=\"container\">\n\t\t\t\t\t<div class=\"e-con-inner\">\n\t\t\t\t<div class=\"elementor-element elementor-element-654293ea jltma-glass-effect-no elementor-widget elementor-widget-text-editor\" data-id=\"654293ea\" data-element_type=\"widget\" data-e-type=\"widget\" data-widget_type=\"text-editor.default\">\n\t\t\t\t<div class=\"elementor-widget-container\">\n\t\t\t\t\t\t\t\t\tCookies are small text files that are stored on your device (computer, tablet or mobile) when you browse websites. These files allow us to remember your preferences and improve your experience on future visits.\r\n\r\n<hr \/>\r\n\r\n<h3><strong>What types of cookies do we use?<\/strong><\/h3>\r\n<ol>\r\n \t<li><strong>Technical or necessary cookies<\/strong>\r\n<ul>\r\n \t<li>They ensure the proper functioning of the website and enable basic functionalities, such as navigation and access to secure areas.<\/li>\r\n \t<li><strong>Example:<\/strong> Remember your language or login preferences.<\/li>\r\n<\/ul>\r\n<\/li>\r\n \t<li><strong>Analytical or statistical cookies<\/strong>\r\n<ul>\r\n \t<li>They help us analyze user behavior on our website to improve its performance and content.<\/li>\r\n \t<li>We use tools such as <strong>Google Analytics<\/strong> to collect anonymous information about visits.<\/li>\r\n<\/ul>\r\n<\/li>\r\n \t<li><strong>Personalization cookies<\/strong>\r\n<ul>\r\n \t<li>They allow you to tailor the content and experience to your preferences, such as remembering previous settings or pages visited.<\/li>\r\n<\/ul>\r\n<\/li>\r\n \t<li><strong>Third party cookies<\/strong>\r\n<ul>\r\n \t<li>Some functionalities of the website may depend on external services (social networks, analytics tools, etc.) that install their own cookies.<\/li>\r\n \t<li>These cookies are not directly controlled by <strong>Imagine Events and Incentives<\/strong>.<\/li>\r\n<\/ul>\r\n<\/li>\r\n<\/ol>\r\n\r\n<hr \/>\r\n\r\n<h3><strong>How can you manage cookies?<\/strong><\/h3>\r\nYou can configure, accept or reject cookies at any time from your browser settings. Below, we leave you links to the configuration instructions according to your browser:\r\n<ul>\r\n \t<li><strong>Google Chrome:<\/strong> <a target=\"_new\" rel=\"noopener\">Cookie settings in Chrome<\/a><\/li>\r\n \t<li><strong>Mozilla Firefox:<\/strong> <a href=\"https:\/\/support.mozilla.org\/es\/kb\/habilitar-y-deshabilitar-cookies-sitios-web\" target=\"_new\" rel=\"noopener\">Firefox cookie settings<\/a><\/li>\r\n \t<li><strong>Safari:<\/strong> <a href=\"https:\/\/support.apple.com\/es-es\/guide\/safari\/sfri11471\/mac\" target=\"_new\" rel=\"noopener\">Cookie settings in Safari<\/a><\/li>\r\n \t<li><strong>Microsoft Edge:<\/strong> <a href=\"https:\/\/support.microsoft.com\/es-es\/help\/4027947\/microsoft-edge-delete-cookies\" target=\"_new\" rel=\"noopener\">Cookie settings in Edge<\/a><\/li>\r\n<\/ul>\r\nPlease note that disabling certain cookies may affect the functionality of the website and limit some features.\r\n\r\n<hr \/>\r\n\r\n<h3><strong>Consent<\/strong><\/h3>\r\nWhen browsing our website for the first time, we will ask for your consent to the use of cookies. If you decide to continue browsing, it will be understood that you accept the use of cookies under the terms set out in this policy.\r\n\r\n<hr \/>\r\n\r\n<h3><strong>Cookie Policy Updates<\/strong><\/h3>\r\n<strong>Imagine Events and Incentives<\/strong> reserves the right to update this Cookies Policy to adapt it to new legislation or changes in the website. Any modification will be communicated to the user through this same section.\t\t\t\t\t\t\t\t<\/div>\n\t\t\t\t<\/div>\n\t\t\t\t\t<\/div>\n\t\t\t\t<\/div>\n\t\t\t\t<\/div>","protected":false},"excerpt":{"rendered":"<p>Las cookies son peque\u00f1os archivos de texto que se almacenan en tu dispositivo (ordenador, tableta o m\u00f3vil) cuando navegas por sitios web. Estos archivos permiten recordar tus preferencias y mejorar tu experiencia en futuras visitas. \u00bfQu\u00e9 tipos de cookies utilizamos? Cookies t\u00e9cnicas o necesarias Garantizan el funcionamiento adecuado del sitio web y permiten funcionalidades b\u00e1sicas, [&hellip;]<\/p>\n","protected":false},"author":1,"featured_media":375,"parent":0,"menu_order":0,"comment_status":"closed","ping_status":"closed","template":"","meta":{"footnotes":""},"class_list":["post-1386","page","type-page","status-publish","has-post-thumbnail","hentry"],"blocksy_meta":[],"_links":{"self":[{"href":"https:\/\/imagineeventsandincentives.es\/en\/wp-json\/wp\/v2\/pages\/1386","targetHints":{"allow":["GET"]}}],"collection":[{"href":"https:\/\/imagineeventsandincentives.es\/en\/wp-json\/wp\/v2\/pages"}],"about":[{"href":"https:\/\/imagineeventsandincentives.es\/en\/wp-json\/wp\/v2\/types\/page"}],"author":[{"embeddable":true,"href":"https:\/\/imagineeventsandincentives.es\/en\/wp-json\/wp\/v2\/users\/1"}],"replies":[{"embeddable":true,"href":"https:\/\/imagineeventsandincentives.es\/en\/wp-json\/wp\/v2\/comments?post=1386"}],"version-history":[{"count":4,"href":"https:\/\/imagineeventsandincentives.es\/en\/wp-json\/wp\/v2\/pages\/1386\/revisions"}],"predecessor-version":[{"id":1390,"href":"https:\/\/imagineeventsandincentives.es\/en\/wp-json\/wp\/v2\/pages\/1386\/revisions\/1390"}],"wp:featuredmedia":[{"embeddable":true,"href":"https:\/\/imagineeventsandincentives.es\/en\/wp-json\/wp\/v2\/media\/375"}],"wp:attachment":[{"href":"https:\/\/imagineeventsandincentives.es\/en\/wp-json\/wp\/v2\/media?parent=1386"}],"curies":[{"name":"wp","href":"https:\/\/api.w.org\/{rel}","templated":true}]}}