{"id":1374,"date":"2024-12-17T15:03:48","date_gmt":"2024-12-17T14:03:48","guid":{"rendered":"https:\/\/imagineeventsandincentives.es\/?page_id=1374"},"modified":"2024-12-17T15:04:31","modified_gmt":"2024-12-17T14:04:31","slug":"proteccion-de-datos","status":"publish","type":"page","link":"https:\/\/imagineeventsandincentives.es\/en\/proteccion-de-datos\/","title":{"rendered":"Data protection"},"content":{"rendered":"<div data-elementor-type=\"wp-page\" data-elementor-id=\"1374\" class=\"elementor elementor-1374\" data-elementor-post-type=\"page\">\n\t\t\t\t<div class=\"elementor-element elementor-element-1157eb4b e-flex e-con-boxed jltma-glass-effect-no e-con e-parent\" data-id=\"1157eb4b\" data-element_type=\"container\" data-e-type=\"container\">\n\t\t\t\t\t<div class=\"e-con-inner\">\n\t\t\t\t<div class=\"elementor-element elementor-element-1055dbab jltma-glass-effect-no elementor-widget elementor-widget-text-editor\" data-id=\"1055dbab\" data-element_type=\"widget\" data-e-type=\"widget\" data-widget_type=\"text-editor.default\">\n\t\t\t\t<div class=\"elementor-widget-container\">\n\t\t\t\t\t\t\t\t\tIn order to reserve the <strong>products and services<\/strong> that <strong>IMAGINE EVENTS SLL<\/strong> offered through this website, it is necessary for the user to provide the <strong>personal information<\/strong> requested in the registration form. These data are essential for:\r\n<ul>\r\n \t<li>To provide our services and manage their processing (including management and collection).<\/li>\r\n \t<li>Send information about offers, promotions and recommendations.<\/li>\r\n \t<li>Develop new products and services based on our customers' preferences.<\/li>\r\n<\/ul>\r\n<h3><strong>Legal Compliance<\/strong><\/h3>\r\nIn accordance with the provisions of the <strong>Organic Law 15\/1999<\/strong>of December 13, on the Protection of Personal Data (LOPD), and the <strong>Royal Decree 1720\/2007<\/strong>of December 21, which approves its development regulation, we inform you that:\r\n<ul>\r\n \t<li>The personal data that you provide will be stored in <strong>automated files<\/strong> under the responsibility of <strong>IMAGINE EVENTS SLL<\/strong>.<\/li>\r\n \t<li>These files are registered in the <strong>Spanish Data Protection Agency<\/strong> and comply with the safety measures required by current regulations.<\/li>\r\n<\/ul>\r\n<h3><strong>Use and Processing of Data<\/strong><\/h3>\r\nIMAGINE EVENTS SLL will be able to communicate to its supplying companies those <strong>essential personal data<\/strong> to manage the reservation and those of an optional nature that reflect your preferences, in order to offer you a specific and adapted service.\r\n<h3><strong>Use of Cookies<\/strong><\/h3>\r\nThis website uses <strong>cookies<\/strong> to maintain navigation information between different pages and to facilitate access on future visits. If you wish, you can configure your browser to:\r\n<ul>\r\n \t<li>Be notified of the reception of cookies.<\/li>\r\n \t<li>Prevent the installation of cookies on your device.<\/li>\r\n<\/ul>\r\nConsult the <strong>instructions for your browser<\/strong> for more information on cookie settings.\r\n<h3><strong>Age Restrictions<\/strong><\/h3>\r\nAccess to the contents, services and products of this web site is subject to the following conditions <strong>exclusively for persons over 18 years of age<\/strong>. Any user who provides personal data declares to be of legal age. The provision of personal data to minors is prohibited.\r\n<h3><strong>Accuracy of Data<\/strong><\/h3>\r\nIMAGINE EVENTS SLL considers that the information provided by the users is <strong>truthful<\/strong> and provided on a voluntary basis.\r\n\r\nIn case of contracting services or submitting complaints, and in accordance with article <strong>34.e) of the LOPD<\/strong>you give your implicit consent to the transfer of your personal data to <strong>addressees<\/strong> and in the <strong>terms and conditions<\/strong> established in this text.\r\n<h3><strong>User Rights<\/strong><\/h3>\r\nIf you wish to exercise your rights of:\r\n<ul>\r\n \t<li><strong>Access<\/strong><\/li>\r\n \t<li><strong>Correction<\/strong><\/li>\r\n \t<li><strong>Cancellation<\/strong><\/li>\r\n \t<li><strong>Opposition<\/strong><\/li>\r\n<\/ul>\t\t\t\t\t\t\t\t<\/div>\n\t\t\t\t<\/div>\n\t\t\t\t\t<\/div>\n\t\t\t\t<\/div>\n\t\t\t\t<\/div>","protected":false},"excerpt":{"rendered":"<p>Para poder reservar los productos y servicios que IMAGINE EVENTS SLL ofrece a trav\u00e9s de este sitio web, es necesario que el usuario proporcione los datos personales solicitados en el formulario de registro. Estos datos son imprescindibles para: Prestar nuestros servicios y gestionar su tramitaci\u00f3n (incluyendo gesti\u00f3n y cobro). Enviar informaci\u00f3n sobre ofertas, promociones y [&hellip;]<\/p>\n","protected":false},"author":1,"featured_media":375,"parent":0,"menu_order":0,"comment_status":"closed","ping_status":"closed","template":"","meta":{"footnotes":""},"class_list":["post-1374","page","type-page","status-publish","has-post-thumbnail","hentry"],"blocksy_meta":[],"_links":{"self":[{"href":"https:\/\/imagineeventsandincentives.es\/en\/wp-json\/wp\/v2\/pages\/1374","targetHints":{"allow":["GET"]}}],"collection":[{"href":"https:\/\/imagineeventsandincentives.es\/en\/wp-json\/wp\/v2\/pages"}],"about":[{"href":"https:\/\/imagineeventsandincentives.es\/en\/wp-json\/wp\/v2\/types\/page"}],"author":[{"embeddable":true,"href":"https:\/\/imagineeventsandincentives.es\/en\/wp-json\/wp\/v2\/users\/1"}],"replies":[{"embeddable":true,"href":"https:\/\/imagineeventsandincentives.es\/en\/wp-json\/wp\/v2\/comments?post=1374"}],"version-history":[{"count":5,"href":"https:\/\/imagineeventsandincentives.es\/en\/wp-json\/wp\/v2\/pages\/1374\/revisions"}],"predecessor-version":[{"id":1379,"href":"https:\/\/imagineeventsandincentives.es\/en\/wp-json\/wp\/v2\/pages\/1374\/revisions\/1379"}],"wp:featuredmedia":[{"embeddable":true,"href":"https:\/\/imagineeventsandincentives.es\/en\/wp-json\/wp\/v2\/media\/375"}],"wp:attachment":[{"href":"https:\/\/imagineeventsandincentives.es\/en\/wp-json\/wp\/v2\/media?parent=1374"}],"curies":[{"name":"wp","href":"https:\/\/api.w.org\/{rel}","templated":true}]}}