{"id":1368,"date":"2024-12-17T15:01:57","date_gmt":"2024-12-17T14:01:57","guid":{"rendered":"https:\/\/imagineeventsandincentives.es\/?page_id=1368"},"modified":"2024-12-17T15:02:53","modified_gmt":"2024-12-17T14:02:53","slug":"medidas-de-seguridad","status":"publish","type":"page","link":"https:\/\/imagineeventsandincentives.es\/en\/medidas-de-seguridad\/","title":{"rendered":"Safety measures"},"content":{"rendered":"<div data-elementor-type=\"wp-page\" data-elementor-id=\"1368\" class=\"elementor elementor-1368\" data-elementor-post-type=\"page\">\n\t\t\t\t<div class=\"elementor-element elementor-element-2b556fd e-flex e-con-boxed jltma-glass-effect-no e-con e-parent\" data-id=\"2b556fd\" data-element_type=\"container\" data-e-type=\"container\">\n\t\t\t\t\t<div class=\"e-con-inner\">\n\t\t\t\t<div class=\"elementor-element elementor-element-70585413 jltma-glass-effect-no elementor-widget elementor-widget-text-editor\" data-id=\"70585413\" data-element_type=\"widget\" data-e-type=\"widget\" data-widget_type=\"text-editor.default\">\n\t\t\t\t<div class=\"elementor-widget-container\">\n\t\t\t\t\t\t\t\t\tIn compliance with current regulations, <strong>IMAGINE EVENTS SLL<\/strong> has adopted the legally required security levels for the protection of personal data. <strong>Personal Data<\/strong> and has implemented additional technical measures available to prevent the loss, misuse, alteration, unauthorized access or theft of the data provided by the User.\r\n\r\nNevertheless, the User must take into account that the <strong>Internet security measures are not completely foolproof.<\/strong>.\r\n\r\n<strong>IMAGINE EVENTS SLL<\/strong> shall not be liable for any damages arising from:\r\n<ul>\r\n \t<li>Interference, omissions, interruptions or computer viruses.<\/li>\r\n \t<li>Telephone breakdowns or disconnections that affect the operation of the electronic system and that are beyond the control of IMAGINE EVENTS SLL.<\/li>\r\n \t<li>Delays or blockages in the use of the system caused by deficiencies or overloads of telephone lines, the Data Processing Center, the Internet system or other electronic systems.<\/li>\r\n \t<li>Damage caused by third parties through <strong>unlawful intrusions<\/strong> that are beyond the control of IMAGINE EVENTS SLL.<\/li>\r\n<\/ul>\r\nFor this reason, it is recommended that the User act with the <strong>maximum diligence<\/strong> and use all the security tools at your disposal. IMAGINE EVENTS SLL is not responsible for <strong>unlawful theft, modification or loss of data<\/strong> that may be caused by third parties.\t\t\t\t\t\t\t\t<\/div>\n\t\t\t\t<\/div>\n\t\t\t\t\t<\/div>\n\t\t\t\t<\/div>\n\t\t\t\t<\/div>","protected":false},"excerpt":{"rendered":"<p>En cumplimiento de la normativa vigente, IMAGINE EVENTS SLL ha adoptado los niveles de seguridad legalmente requeridos para la protecci\u00f3n de los Datos Personales y ha implementado medidas t\u00e9cnicas adicionales disponibles para evitar la p\u00e9rdida, mal uso, alteraci\u00f3n, acceso no autorizado o robo de los datos proporcionados por el Usuario. No obstante, el Usuario debe [&hellip;]<\/p>\n","protected":false},"author":1,"featured_media":370,"parent":0,"menu_order":0,"comment_status":"closed","ping_status":"closed","template":"","meta":{"footnotes":""},"class_list":["post-1368","page","type-page","status-publish","has-post-thumbnail","hentry"],"blocksy_meta":[],"_links":{"self":[{"href":"https:\/\/imagineeventsandincentives.es\/en\/wp-json\/wp\/v2\/pages\/1368","targetHints":{"allow":["GET"]}}],"collection":[{"href":"https:\/\/imagineeventsandincentives.es\/en\/wp-json\/wp\/v2\/pages"}],"about":[{"href":"https:\/\/imagineeventsandincentives.es\/en\/wp-json\/wp\/v2\/types\/page"}],"author":[{"embeddable":true,"href":"https:\/\/imagineeventsandincentives.es\/en\/wp-json\/wp\/v2\/users\/1"}],"replies":[{"embeddable":true,"href":"https:\/\/imagineeventsandincentives.es\/en\/wp-json\/wp\/v2\/comments?post=1368"}],"version-history":[{"count":5,"href":"https:\/\/imagineeventsandincentives.es\/en\/wp-json\/wp\/v2\/pages\/1368\/revisions"}],"predecessor-version":[{"id":1373,"href":"https:\/\/imagineeventsandincentives.es\/en\/wp-json\/wp\/v2\/pages\/1368\/revisions\/1373"}],"wp:featuredmedia":[{"embeddable":true,"href":"https:\/\/imagineeventsandincentives.es\/en\/wp-json\/wp\/v2\/media\/370"}],"wp:attachment":[{"href":"https:\/\/imagineeventsandincentives.es\/en\/wp-json\/wp\/v2\/media?parent=1368"}],"curies":[{"name":"wp","href":"https:\/\/api.w.org\/{rel}","templated":true}]}}